{"id":6977,"date":"2024-03-14T11:26:35","date_gmt":"2024-03-14T11:26:35","guid":{"rendered":"https:\/\/kantfinance.pro\/economic-calendar"},"modified":"2024-09-09T09:24:45","modified_gmt":"2024-09-09T09:24:45","slug":"economic-calendar","status":"publish","type":"page","link":"https:\/\/kantfinance.pro\/fr\/economic-calendar","title":{"rendered":"Calendrier \u00e9conomique"},"content":{"rendered":"\t\t<div data-elementor-type=\"wp-page\" data-elementor-id=\"6977\" class=\"elementor elementor-6977\" data-elementor-post-type=\"page\">\n\t\t\t\t\t\t<section class=\"elementor-section elementor-top-section elementor-element elementor-element-19d6069 elementor-reverse-mobile elementor-section-boxed elementor-section-height-default elementor-section-height-default\" data-id=\"19d6069\" data-element_type=\"section\" data-settings=\"{&quot;background_background&quot;:&quot;classic&quot;}\">\n\t\t\t\t\t\t\t<div class=\"elementor-background-overlay\"><\/div>\n\t\t\t\t\t\t\t<div class=\"elementor-container elementor-column-gap-default\">\n\t\t\t\t\t<div class=\"elementor-column elementor-col-33 elementor-top-column elementor-element elementor-element-5fec8f3\" data-id=\"5fec8f3\" data-element_type=\"column\">\n\t\t\t<div class=\"elementor-widget-wrap\">\n\t\t\t\t\t\t\t<\/div>\n\t\t<\/div>\n\t\t\t\t<div class=\"elementor-column elementor-col-33 elementor-top-column elementor-element elementor-element-7328126\" data-id=\"7328126\" data-element_type=\"column\">\n\t\t\t<div class=\"elementor-widget-wrap elementor-element-populated\">\n\t\t\t\t\t\t<div class=\"elementor-element elementor-element-d0af8bf animated-slow elementor-invisible elementor-widget elementor-widget-tfanimated_headline\" data-id=\"d0af8bf\" data-element_type=\"widget\" data-settings=\"{&quot;_animation&quot;:&quot;fadeInUp&quot;}\" data-widget_type=\"tfanimated_headline.default\">\n\t\t\t\t<div class=\"elementor-widget-container\">\n\t\t\t<div class=\"tf-headline-wrap \">\r\n                <h1 class=\"tf-headline\">\r\n                    <span class=\"tf-text tf-before-text\">\r\n                        Calendrier \u00e9conomique \r\n                    <\/span>\r\n                    <span class=\"tf-text tf-highlighted-text tf-highlighted animationtext zoom\">\r\n                        <span class=\"cd-words-wrapper\"><\/span> \r\n                    <\/span>\r\n                    <span class=\"tf-text tf-after-text\">\r\n                        \r\n                    <\/span>\r\n                <\/h1>\r\n            <\/div>\t\t<\/div>\n\t\t\t\t<\/div>\n\t\t\t\t<div class=\"elementor-element elementor-element-843b184 animated-slow elementor-invisible elementor-widget elementor-widget-text-editor\" data-id=\"843b184\" data-element_type=\"widget\" data-settings=\"{&quot;_animation&quot;:&quot;fadeInUp&quot;}\" data-widget_type=\"text-editor.default\">\n\t\t\t\t<div class=\"elementor-widget-container\">\n\t\t\t\t\t\t\tUn calendrier \u00e9conomique est un outil qui devient un assistant indispensable pour un trader prosp\u00e8re. Il fournit des informations compl\u00e8tes sur les \u00e9v\u00e9nements \u00e0 venir susceptibles d&rsquo;affecter les march\u00e9s financiers. Nos utilisateurs re\u00e7oivent des donn\u00e9es opportunes et pr\u00e9cises sur les \u00e9v\u00e9nements cl\u00e9s, les rapports et les statistiques des pays, ce qui leur permet de commercer plus librement.\t\t\t\t\t\t<\/div>\n\t\t\t\t<\/div>\n\t\t\t\t\t<\/div>\n\t\t<\/div>\n\t\t\t\t<div class=\"elementor-column elementor-col-33 elementor-top-column elementor-element elementor-element-d9103d1\" data-id=\"d9103d1\" data-element_type=\"column\">\n\t\t\t<div class=\"elementor-widget-wrap\">\n\t\t\t\t\t\t\t<\/div>\n\t\t<\/div>\n\t\t\t\t\t<\/div>\n\t\t<\/section>\n\t\t\t\t<section class=\"elementor-section elementor-top-section elementor-element elementor-element-a63b211 elementor-section-full_width elementor-section-height-default elementor-section-height-default\" data-id=\"a63b211\" data-element_type=\"section\" data-settings=\"{&quot;background_background&quot;:&quot;classic&quot;}\">\n\t\t\t\t\t\t\t<div class=\"elementor-background-overlay\"><\/div>\n\t\t\t\t\t\t\t<div class=\"elementor-container elementor-column-gap-default\">\n\t\t\t\t\t<div class=\"elementor-column elementor-col-100 elementor-top-column elementor-element elementor-element-5bb5621\" data-id=\"5bb5621\" data-element_type=\"column\">\n\t\t\t<div class=\"elementor-widget-wrap elementor-element-populated\">\n\t\t\t\t\t\t<section class=\"elementor-section elementor-inner-section elementor-element elementor-element-e6f8043 elementor-section-full_width elementor-section-height-default elementor-section-height-default\" data-id=\"e6f8043\" data-element_type=\"section\">\n\t\t\t\t\t\t<div class=\"elementor-container elementor-column-gap-default\">\n\t\t\t\t\t<div class=\"elementor-column elementor-col-100 elementor-inner-column elementor-element elementor-element-b9b4200\" data-id=\"b9b4200\" data-element_type=\"column\">\n\t\t\t<div class=\"elementor-widget-wrap elementor-element-populated\">\n\t\t\t\t\t\t<section class=\"elementor-section elementor-inner-section elementor-element elementor-element-c1b0c33 elementor-section-full_width elementor-section-height-default elementor-section-height-default\" data-id=\"c1b0c33\" data-element_type=\"section\">\n\t\t\t\t\t\t<div class=\"elementor-container elementor-column-gap-default\">\n\t\t\t\t\t<div class=\"elementor-column elementor-col-33 elementor-inner-column elementor-element elementor-element-16ba96d\" data-id=\"16ba96d\" data-element_type=\"column\">\n\t\t\t<div class=\"elementor-widget-wrap\">\n\t\t\t\t\t\t\t<\/div>\n\t\t<\/div>\n\t\t\t\t<div class=\"elementor-column elementor-col-33 elementor-inner-column elementor-element elementor-element-24a8b5e animated-slow elementor-invisible\" data-id=\"24a8b5e\" data-element_type=\"column\" data-settings=\"{&quot;background_background&quot;:&quot;gradient&quot;,&quot;animation&quot;:&quot;zoomIn&quot;}\">\n\t\t\t<div class=\"elementor-widget-wrap elementor-element-populated\">\n\t\t\t\t\t\t<div class=\"elementor-element elementor-element-1eb5205 elementor-widget elementor-widget-html\" data-id=\"1eb5205\" data-element_type=\"widget\" data-widget_type=\"html.default\">\n\t\t\t\t<div class=\"elementor-widget-container\">\n\t\t\t<!-- TradingView Widget BEGIN -->\n<div class=\"tradingview-widget-container\">\n  <div class=\"tradingview-widget-container__widget\"><\/div>\n\n  <script type=\"text\/javascript\" src=\"https:\/\/s3.tradingview.com\/external-embedding\/embed-widget-events.js\" async>\n  {\n  \"colorTheme\": \"dark\",\n  \"isTransparent\": true,\n  \"width\": \"100%\",\n  \"height\": \"600\",\n  \"locale\": \"fr\",\n  \"importanceFilter\": \"-1,0,1\",\n  \"countryFilter\": \"ar,au,br,ca,cn,fr,de,in,id,it,jp,kr,mx,ru,sa,za,tr,gb,us,eu\"\n}\n  <\/script>\n<\/div><a href=\"\/\" class=\"brand-label\"><img decoding=\"async\" src=\"\/wp-content\/uploads\/2024\/03\/favicon.png\"\/><\/a>\n<!-- TradingView Widget END -->\t\t<\/div>\n\t\t\t\t<\/div>\n\t\t\t\t\t<\/div>\n\t\t<\/div>\n\t\t\t\t<div class=\"elementor-column elementor-col-33 elementor-inner-column elementor-element elementor-element-7a66d08\" data-id=\"7a66d08\" data-element_type=\"column\">\n\t\t\t<div class=\"elementor-widget-wrap\">\n\t\t\t\t\t\t\t<\/div>\n\t\t<\/div>\n\t\t\t\t\t<\/div>\n\t\t<\/section>\n\t\t\t\t\t<\/div>\n\t\t<\/div>\n\t\t\t\t\t<\/div>\n\t\t<\/section>\n\t\t\t\t\t<\/div>\n\t\t<\/div>\n\t\t\t\t\t<\/div>\n\t\t<\/section>\n\t\t\t\t<\/div>\n\t\t","protected":false},"excerpt":{"rendered":"<p>Calendrier \u00e9conomique Un calendrier \u00e9conomique est un outil qui devient un assistant indispensable pour un trader prosp\u00e8re. Il fournit des informations compl\u00e8tes sur les \u00e9v\u00e9nements [&hellip;]<\/p>\n","protected":false},"author":3,"featured_media":0,"parent":0,"menu_order":0,"comment_status":"closed","ping_status":"closed","template":"tpl\/front-page.php","meta":{"footnotes":""},"class_list":["post-6977","page","type-page","status-publish","hentry"],"_links":{"self":[{"href":"https:\/\/kantfinance.pro\/fr\/wp-json\/wp\/v2\/pages\/6977"}],"collection":[{"href":"https:\/\/kantfinance.pro\/fr\/wp-json\/wp\/v2\/pages"}],"about":[{"href":"https:\/\/kantfinance.pro\/fr\/wp-json\/wp\/v2\/types\/page"}],"author":[{"embeddable":true,"href":"https:\/\/kantfinance.pro\/fr\/wp-json\/wp\/v2\/users\/3"}],"replies":[{"embeddable":true,"href":"https:\/\/kantfinance.pro\/fr\/wp-json\/wp\/v2\/comments?post=6977"}],"version-history":[{"count":4,"href":"https:\/\/kantfinance.pro\/fr\/wp-json\/wp\/v2\/pages\/6977\/revisions"}],"predecessor-version":[{"id":7104,"href":"https:\/\/kantfinance.pro\/fr\/wp-json\/wp\/v2\/pages\/6977\/revisions\/7104"}],"wp:attachment":[{"href":"https:\/\/kantfinance.pro\/fr\/wp-json\/wp\/v2\/media?parent=6977"}],"curies":[{"name":"wp","href":"https:\/\/api.w.org\/{rel}","templated":true}]}}