{"id":6971,"date":"2024-03-14T11:22:20","date_gmt":"2024-03-14T11:22:20","guid":{"rendered":"https:\/\/kantfinance.pro\/platform"},"modified":"2024-09-09T09:24:21","modified_gmt":"2024-09-09T09:24:21","slug":"platform","status":"publish","type":"page","link":"https:\/\/kantfinance.pro\/fr\/platform","title":{"rendered":"Plateforme"},"content":{"rendered":"\t\t<div data-elementor-type=\"wp-page\" data-elementor-id=\"6971\" class=\"elementor elementor-6971\" data-elementor-post-type=\"page\">\n\t\t\t\t\t\t<section class=\"elementor-section elementor-top-section elementor-element elementor-element-9de54b6 elementor-reverse-mobile elementor-section-boxed elementor-section-height-default elementor-section-height-default\" data-id=\"9de54b6\" data-element_type=\"section\" data-settings=\"{&quot;background_background&quot;:&quot;classic&quot;}\">\n\t\t\t\t\t\t\t<div class=\"elementor-background-overlay\"><\/div>\n\t\t\t\t\t\t\t<div class=\"elementor-container elementor-column-gap-default\">\n\t\t\t\t\t<div class=\"elementor-column elementor-col-100 elementor-top-column elementor-element elementor-element-c5d353b\" data-id=\"c5d353b\" data-element_type=\"column\">\n\t\t\t<div class=\"elementor-widget-wrap elementor-element-populated\">\n\t\t\t\t\t\t<div class=\"elementor-element elementor-element-e0d1f17 animated-slow elementor-invisible elementor-widget elementor-widget-tfanimated_headline\" data-id=\"e0d1f17\" data-element_type=\"widget\" data-settings=\"{&quot;_animation&quot;:&quot;fadeInUp&quot;}\" data-widget_type=\"tfanimated_headline.default\">\n\t\t\t\t<div class=\"elementor-widget-container\">\n\t\t\t<div class=\"tf-headline-wrap \">\r\n                <h1 class=\"tf-headline\">\r\n                    <span class=\"tf-text tf-before-text\">\r\n                        Plateforme \r\n                    <\/span>\r\n                    <span class=\"tf-text tf-highlighted-text tf-highlighted animationtext zoom\">\r\n                        <span class=\"cd-words-wrapper\"><\/span> \r\n                    <\/span>\r\n                    <span class=\"tf-text tf-after-text\">\r\n                        \r\n                    <\/span>\r\n                <\/h1>\r\n            <\/div>\t\t<\/div>\n\t\t\t\t<\/div>\n\t\t\t\t<div class=\"elementor-element elementor-element-9fcf677 animated-slow elementor-invisible elementor-widget elementor-widget-text-editor\" data-id=\"9fcf677\" data-element_type=\"widget\" data-settings=\"{&quot;_animation&quot;:&quot;fadeInUp&quot;}\" data-widget_type=\"text-editor.default\">\n\t\t\t\t<div class=\"elementor-widget-container\">\n\t\t\t\t\t\t\tN\u00e9gociez et investissez dans un terminal moderne puissant avec des fonctionnalit\u00e9s \u00e9tendues.\t\t\t\t\t\t<\/div>\n\t\t\t\t<\/div>\n\t\t\t\t\t<\/div>\n\t\t<\/div>\n\t\t\t\t\t<\/div>\n\t\t<\/section>\n\t\t\t\t<section class=\"elementor-section elementor-top-section elementor-element elementor-element-a257ba7 elementor-section-content-middle elementor-section-boxed elementor-section-height-default elementor-section-height-default\" data-id=\"a257ba7\" data-element_type=\"section\">\n\t\t\t\t\t\t<div class=\"elementor-container elementor-column-gap-default\">\n\t\t\t\t\t<div class=\"elementor-column elementor-col-50 elementor-top-column elementor-element elementor-element-d66d32e\" data-id=\"d66d32e\" data-element_type=\"column\">\n\t\t\t<div class=\"elementor-widget-wrap elementor-element-populated\">\n\t\t\t\t\t\t<div class=\"elementor-element elementor-element-c964b17 elementor-widget__width-inherit elementor-widget-mobile__width-inherit animated-slow elementor-invisible elementor-widget elementor-widget-tfanimated_headline\" data-id=\"c964b17\" data-element_type=\"widget\" data-settings=\"{&quot;_animation&quot;:&quot;fadeInUp&quot;}\" data-widget_type=\"tfanimated_headline.default\">\n\t\t\t\t<div class=\"elementor-widget-container\">\n\t\t\t<div class=\"tf-headline-wrap \">\r\n                <h3 class=\"tf-headline\">\r\n                    <span class=\"tf-text tf-before-text\">\r\n                        Trading pour le\r\n                    <\/span>\r\n                    <span class=\"tf-text tf-highlighted-text tf-highlighted animationtext zoom\">\r\n                        <span class=\"cd-words-wrapper\"><span class=\"item-text is-visible\">plaisir<\/span><\/span> \r\n                    <\/span>\r\n                    <span class=\"tf-text tf-after-text\">\r\n                        \r\n                    <\/span>\r\n                <\/h3>\r\n            <\/div>\t\t<\/div>\n\t\t\t\t<\/div>\n\t\t\t\t<div class=\"elementor-element elementor-element-c7c9b5b animated-slow elementor-invisible elementor-widget elementor-widget-text-editor\" data-id=\"c7c9b5b\" data-element_type=\"widget\" data-settings=\"{&quot;_animation&quot;:&quot;fadeInUp&quot;}\" data-widget_type=\"text-editor.default\">\n\t\t\t\t<div class=\"elementor-widget-container\">\n\t\t\t\t\t\t\tD\u00e9couvrez une nouvelle \u00e8re d&rsquo;investissement avec la plateforme WebTrader de pointe. L&rsquo;ensemble des changements sur les march\u00e9s financiers est affich\u00e9 directement dans le terminal, vous fournissant des informations inestimables pour des transactions r\u00e9ussies. G\u00e9rez facilement vos actifs, entrez sur le march\u00e9 au moment optimal et r\u00e9duisez les risques en fonction de votre strat\u00e9gie.\t\t\t\t\t\t<\/div>\n\t\t\t\t<\/div>\n\t\t\t\t\t<\/div>\n\t\t<\/div>\n\t\t\t\t<div class=\"elementor-column elementor-col-50 elementor-top-column elementor-element elementor-element-225ae45\" data-id=\"225ae45\" data-element_type=\"column\">\n\t\t\t<div class=\"elementor-widget-wrap elementor-element-populated\">\n\t\t\t\t\t\t<div class=\"elementor-element elementor-element-2bd72b9 elementor-widget elementor-widget-image\" data-id=\"2bd72b9\" data-element_type=\"widget\" data-widget_type=\"image.default\">\n\t\t\t\t<div class=\"elementor-widget-container\">\n\t\t\t\t\t\t\t\t\t\t\t\t\t<img fetchpriority=\"high\" decoding=\"async\" width=\"1000\" height=\"739\" src=\"https:\/\/kantfinance.pro\/wp-content\/uploads\/2024\/09\/Image-5-13.png\" class=\"attachment-full size-full wp-image-6791\" alt=\"\" srcset=\"https:\/\/kantfinance.pro\/wp-content\/uploads\/2024\/09\/Image-5-13.png 1000w, https:\/\/kantfinance.pro\/wp-content\/uploads\/2024\/09\/Image-5-13-300x222.png 300w, https:\/\/kantfinance.pro\/wp-content\/uploads\/2024\/09\/Image-5-13-768x568.png 768w\" sizes=\"(max-width: 1000px) 100vw, 1000px\" \/>\t\t\t\t\t\t\t\t\t\t\t\t\t<\/div>\n\t\t\t\t<\/div>\n\t\t\t\t\t<\/div>\n\t\t<\/div>\n\t\t\t\t\t<\/div>\n\t\t<\/section>\n\t\t\t\t<section class=\"elementor-section elementor-top-section elementor-element elementor-element-cc0932b elementor-section-content-middle elementor-reverse-mobile elementor-section-boxed elementor-section-height-default elementor-section-height-default\" data-id=\"cc0932b\" data-element_type=\"section\">\n\t\t\t\t\t\t<div class=\"elementor-container elementor-column-gap-default\">\n\t\t\t\t\t<div class=\"elementor-column elementor-col-50 elementor-top-column elementor-element elementor-element-f59b890\" data-id=\"f59b890\" data-element_type=\"column\">\n\t\t\t<div class=\"elementor-widget-wrap elementor-element-populated\">\n\t\t\t\t\t\t<div class=\"elementor-element elementor-element-ac8bd52 elementor-widget elementor-widget-image\" data-id=\"ac8bd52\" data-element_type=\"widget\" data-widget_type=\"image.default\">\n\t\t\t\t<div class=\"elementor-widget-container\">\n\t\t\t\t\t\t\t\t\t\t\t\t\t<img decoding=\"async\" width=\"1000\" height=\"739\" src=\"https:\/\/kantfinance.pro\/wp-content\/uploads\/2024\/09\/Image-5-13-1.png\" class=\"attachment-full size-full wp-image-6792\" alt=\"\" srcset=\"https:\/\/kantfinance.pro\/wp-content\/uploads\/2024\/09\/Image-5-13-1.png 1000w, https:\/\/kantfinance.pro\/wp-content\/uploads\/2024\/09\/Image-5-13-1-300x222.png 300w, https:\/\/kantfinance.pro\/wp-content\/uploads\/2024\/09\/Image-5-13-1-768x568.png 768w\" sizes=\"(max-width: 1000px) 100vw, 1000px\" \/>\t\t\t\t\t\t\t\t\t\t\t\t\t<\/div>\n\t\t\t\t<\/div>\n\t\t\t\t\t<\/div>\n\t\t<\/div>\n\t\t\t\t<div class=\"elementor-column elementor-col-50 elementor-top-column elementor-element elementor-element-4a52582\" data-id=\"4a52582\" data-element_type=\"column\">\n\t\t\t<div class=\"elementor-widget-wrap elementor-element-populated\">\n\t\t\t\t\t\t<div class=\"elementor-element elementor-element-635b330 elementor-widget__width-inherit elementor-widget-mobile__width-inherit animated-slow elementor-invisible elementor-widget elementor-widget-tfanimated_headline\" data-id=\"635b330\" data-element_type=\"widget\" data-settings=\"{&quot;_animation&quot;:&quot;fadeInUp&quot;}\" data-widget_type=\"tfanimated_headline.default\">\n\t\t\t\t<div class=\"elementor-widget-container\">\n\t\t\t<div class=\"tf-headline-wrap \">\r\n                <h3 class=\"tf-headline\">\r\n                    <span class=\"tf-text tf-before-text\">\r\n                        Avantages de WebTrader \r\n                    <\/span>\r\n                    <span class=\"tf-text tf-highlighted-text tf-highlighted animationtext zoom\">\r\n                        <span class=\"cd-words-wrapper\"><\/span> \r\n                    <\/span>\r\n                    <span class=\"tf-text tf-after-text\">\r\n                        \r\n                    <\/span>\r\n                <\/h3>\r\n            <\/div>\t\t<\/div>\n\t\t\t\t<\/div>\n\t\t\t\t<div class=\"elementor-element elementor-element-14d2907 animated-slow elementor-icon-list--layout-traditional elementor-list-item-link-full_width elementor-invisible elementor-widget elementor-widget-icon-list\" data-id=\"14d2907\" data-element_type=\"widget\" data-settings=\"{&quot;_animation&quot;:&quot;fadeInUp&quot;}\" data-widget_type=\"icon-list.default\">\n\t\t\t\t<div class=\"elementor-widget-container\">\n\t\t\t\t\t<ul class=\"elementor-icon-list-items\">\n\t\t\t\t\t\t\t<li class=\"elementor-icon-list-item\">\n\t\t\t\t\t\t\t\t\t\t\t<span class=\"elementor-icon-list-icon\">\n\t\t\t\t\t\t\t<i aria-hidden=\"true\" class=\" icon-check-2\"><\/i>\t\t\t\t\t\t<\/span>\n\t\t\t\t\t\t\t\t\t\t<span class=\"elementor-icon-list-text\">Interface intuitive<\/span>\n\t\t\t\t\t\t\t\t\t<\/li>\n\t\t\t\t\t\t\t\t<li class=\"elementor-icon-list-item\">\n\t\t\t\t\t\t\t\t\t\t\t<span class=\"elementor-icon-list-icon\">\n\t\t\t\t\t\t\t<i aria-hidden=\"true\" class=\" icon-check-2\"><\/i>\t\t\t\t\t\t<\/span>\n\t\t\t\t\t\t\t\t\t\t<span class=\"elementor-icon-list-text\">Ex\u00e9cution instantan\u00e9e des op\u00e9rations<\/span>\n\t\t\t\t\t\t\t\t\t<\/li>\n\t\t\t\t\t\t\t\t<li class=\"elementor-icon-list-item\">\n\t\t\t\t\t\t\t\t\t\t\t<span class=\"elementor-icon-list-icon\">\n\t\t\t\t\t\t\t<i aria-hidden=\"true\" class=\" icon-check-2\"><\/i>\t\t\t\t\t\t<\/span>\n\t\t\t\t\t\t\t\t\t\t<span class=\"elementor-icon-list-text\">Indicateurs int\u00e9gr\u00e9s<\/span>\n\t\t\t\t\t\t\t\t\t<\/li>\n\t\t\t\t\t\t\t\t<li class=\"elementor-icon-list-item\">\n\t\t\t\t\t\t\t\t\t\t\t<span class=\"elementor-icon-list-icon\">\n\t\t\t\t\t\t\t<i aria-hidden=\"true\" class=\" icon-check-2\"><\/i>\t\t\t\t\t\t<\/span>\n\t\t\t\t\t\t\t\t\t\t<span class=\"elementor-icon-list-text\">Configuration facile des graphiques<\/span>\n\t\t\t\t\t\t\t\t\t<\/li>\n\t\t\t\t\t\t\t\t<li class=\"elementor-icon-list-item\">\n\t\t\t\t\t\t\t\t\t\t\t<span class=\"elementor-icon-list-icon\">\n\t\t\t\t\t\t\t<i aria-hidden=\"true\" class=\" icon-check-2\"><\/i>\t\t\t\t\t\t<\/span>\n\t\t\t\t\t\t\t\t\t\t<span class=\"elementor-icon-list-text\">Large gamme d'actifs<\/span>\n\t\t\t\t\t\t\t\t\t<\/li>\n\t\t\t\t\t\t\t\t<li class=\"elementor-icon-list-item\">\n\t\t\t\t\t\t\t\t\t\t\t<span class=\"elementor-icon-list-icon\">\n\t\t\t\t\t\t\t<i aria-hidden=\"true\" class=\" icon-check-2\"><\/i>\t\t\t\t\t\t<\/span>\n\t\t\t\t\t\t\t\t\t\t<span class=\"elementor-icon-list-text\">Multilinguisme<\/span>\n\t\t\t\t\t\t\t\t\t<\/li>\n\t\t\t\t\t\t<\/ul>\n\t\t\t\t<\/div>\n\t\t\t\t<\/div>\n\t\t\t\t\t<\/div>\n\t\t<\/div>\n\t\t\t\t\t<\/div>\n\t\t<\/section>\n\t\t\t\t<section class=\"elementor-section elementor-top-section elementor-element elementor-element-a4e26e7 elementor-section-content-middle elementor-section-boxed elementor-section-height-default elementor-section-height-default\" data-id=\"a4e26e7\" data-element_type=\"section\">\n\t\t\t\t\t\t<div class=\"elementor-container elementor-column-gap-default\">\n\t\t\t\t\t<div class=\"elementor-column elementor-col-50 elementor-top-column elementor-element elementor-element-f693219\" data-id=\"f693219\" data-element_type=\"column\">\n\t\t\t<div class=\"elementor-widget-wrap elementor-element-populated\">\n\t\t\t\t\t\t<div class=\"elementor-element elementor-element-f6dbd54 elementor-widget__width-inherit elementor-widget-mobile__width-inherit animated-slow elementor-invisible elementor-widget elementor-widget-tfanimated_headline\" data-id=\"f6dbd54\" data-element_type=\"widget\" data-settings=\"{&quot;_animation&quot;:&quot;fadeInUp&quot;}\" data-widget_type=\"tfanimated_headline.default\">\n\t\t\t\t<div class=\"elementor-widget-container\">\n\t\t\t<div class=\"tf-headline-wrap \">\r\n                <h3 class=\"tf-headline\">\r\n                    <span class=\"tf-text tf-before-text\">\r\n                        Agissez prudemment \r\n                    <\/span>\r\n                    <span class=\"tf-text tf-highlighted-text tf-highlighted animationtext zoom\">\r\n                        <span class=\"cd-words-wrapper\"><\/span> \r\n                    <\/span>\r\n                    <span class=\"tf-text tf-after-text\">\r\n                        \r\n                    <\/span>\r\n                <\/h3>\r\n            <\/div>\t\t<\/div>\n\t\t\t\t<\/div>\n\t\t\t\t<div class=\"elementor-element elementor-element-5d0042b animated-slow elementor-invisible elementor-widget elementor-widget-text-editor\" data-id=\"5d0042b\" data-element_type=\"widget\" data-settings=\"{&quot;_animation&quot;:&quot;fadeInUp&quot;}\" data-widget_type=\"text-editor.default\">\n\t\t\t\t<div class=\"elementor-widget-container\">\n\t\t\t\t\t\t\tWebTrader fournit non seulement une excellente gestion, mais offre \u00e9galement la possibilit\u00e9 de personnaliser votre strat\u00e9gie de trading. Cela signifie que vous pouvez adapter la plateforme \u00e0 vos besoins, en minimisant les risques et en vous rapprochant de vos objectifs financiers.\t\t\t\t\t\t<\/div>\n\t\t\t\t<\/div>\n\t\t\t\t\t<\/div>\n\t\t<\/div>\n\t\t\t\t<div class=\"elementor-column elementor-col-50 elementor-top-column elementor-element elementor-element-47420dd\" data-id=\"47420dd\" data-element_type=\"column\">\n\t\t\t<div class=\"elementor-widget-wrap elementor-element-populated\">\n\t\t\t\t\t\t<div class=\"elementor-element elementor-element-56ef6e9 elementor-widget elementor-widget-image\" data-id=\"56ef6e9\" data-element_type=\"widget\" data-widget_type=\"image.default\">\n\t\t\t\t<div class=\"elementor-widget-container\">\n\t\t\t\t\t\t\t\t\t\t\t\t\t<img decoding=\"async\" width=\"1000\" height=\"739\" src=\"https:\/\/kantfinance.pro\/wp-content\/uploads\/2024\/03\/Image-5-13-4.webp\" class=\"attachment-full size-full wp-image-6417\" alt=\"\" srcset=\"https:\/\/kantfinance.pro\/wp-content\/uploads\/2024\/03\/Image-5-13-4.webp 1000w, https:\/\/kantfinance.pro\/wp-content\/uploads\/2024\/03\/Image-5-13-4-300x222.webp 300w, https:\/\/kantfinance.pro\/wp-content\/uploads\/2024\/03\/Image-5-13-4-768x568.webp 768w\" sizes=\"(max-width: 1000px) 100vw, 1000px\" \/>\t\t\t\t\t\t\t\t\t\t\t\t\t<\/div>\n\t\t\t\t<\/div>\n\t\t\t\t\t<\/div>\n\t\t<\/div>\n\t\t\t\t\t<\/div>\n\t\t<\/section>\n\t\t\t\t<section class=\"elementor-section elementor-top-section elementor-element elementor-element-1b785f2 elementor-section-full_width elementor-section-height-default elementor-section-height-default\" data-id=\"1b785f2\" data-element_type=\"section\" data-settings=\"{&quot;background_background&quot;:&quot;classic&quot;}\">\n\t\t\t\t\t\t\t<div class=\"elementor-background-overlay\"><\/div>\n\t\t\t\t\t\t\t<div class=\"elementor-container elementor-column-gap-default\">\n\t\t\t\t\t<div class=\"elementor-column elementor-col-100 elementor-top-column elementor-element elementor-element-aa24e6d\" data-id=\"aa24e6d\" data-element_type=\"column\">\n\t\t\t<div class=\"elementor-widget-wrap elementor-element-populated\">\n\t\t\t\t\t\t<section class=\"elementor-section elementor-inner-section elementor-element elementor-element-971f0c4 elementor-section-full_width elementor-section-height-default elementor-section-height-default\" data-id=\"971f0c4\" data-element_type=\"section\">\n\t\t\t\t\t\t<div class=\"elementor-container elementor-column-gap-default\">\n\t\t\t\t\t<div class=\"elementor-column elementor-col-100 elementor-inner-column elementor-element elementor-element-5a77ecc\" data-id=\"5a77ecc\" data-element_type=\"column\">\n\t\t\t<div class=\"elementor-widget-wrap elementor-element-populated\">\n\t\t\t\t\t\t<section class=\"elementor-section elementor-inner-section elementor-element elementor-element-e527865 elementor-section-full_width elementor-section-height-default elementor-section-height-default\" data-id=\"e527865\" data-element_type=\"section\">\n\t\t\t\t\t\t<div class=\"elementor-container elementor-column-gap-default\">\n\t\t\t\t\t<div class=\"elementor-column elementor-col-100 elementor-inner-column elementor-element elementor-element-fb649e8 animated-slow elementor-invisible\" data-id=\"fb649e8\" data-element_type=\"column\" data-settings=\"{&quot;background_background&quot;:&quot;classic&quot;,&quot;animation&quot;:&quot;zoomIn&quot;}\">\n\t\t\t<div class=\"elementor-widget-wrap elementor-element-populated\">\n\t\t\t\t\t\t<div class=\"elementor-element elementor-element-1a149e0 elementor-widget elementor-widget-html\" data-id=\"1a149e0\" data-element_type=\"widget\" data-widget_type=\"html.default\">\n\t\t\t\t<div class=\"elementor-widget-container\">\n\t\t\t<!-- TradingView Widget BEGIN -->\n<div class=\"tradingview-widget-container\">\n  <div class=\"tradingview-widget-container__widget\"><\/div>\n\n  <script type=\"text\/javascript\" src=\"https:\/\/s3.tradingview.com\/external-embedding\/embed-widget-advanced-chart.js\" async>\n  {\n  \"width\": \"100%\",\n  \"height\": \"610\",\n  \"symbol\": \"NASDAQ:AAPL\",\n  \"interval\": \"1\",\n  \"timezone\": \"Etc\/UTC\",\n  \"theme\": \"dark\",\n  \"style\": \"1\",\n  \"locale\": \"fr\",\n  \"enable_publishing\": false,\n  \"withdateranges\": true,\n  \"hide_side_toolbar\": false,\n  \"allow_symbol_change\": true,\n  \"details\": true,\n  \"hotlist\": true,\n  \"calendar\": false,\n  \"support_host\": \"https:\/\/www.tradingview.com\"\n}\n  <\/script>\n<\/div><a href=\"\/\" class=\"brand-label\"><img decoding=\"async\" src=\"\/wp-content\/uploads\/2024\/03\/favicon.png\"\/><\/a>\n<!-- TradingView Widget END -->\t\t<\/div>\n\t\t\t\t<\/div>\n\t\t\t\t\t<\/div>\n\t\t<\/div>\n\t\t\t\t\t<\/div>\n\t\t<\/section>\n\t\t\t\t\t<\/div>\n\t\t<\/div>\n\t\t\t\t\t<\/div>\n\t\t<\/section>\n\t\t\t\t\t<\/div>\n\t\t<\/div>\n\t\t\t\t\t<\/div>\n\t\t<\/section>\n\t\t\t\t<section class=\"elementor-section elementor-top-section elementor-element elementor-element-fc40da2 elementor-section-content-middle elementor-section-boxed elementor-section-height-default elementor-section-height-default\" data-id=\"fc40da2\" data-element_type=\"section\">\n\t\t\t\t\t\t<div class=\"elementor-container elementor-column-gap-default\">\n\t\t\t\t\t<div class=\"elementor-column elementor-col-50 elementor-top-column elementor-element elementor-element-944fb20\" data-id=\"944fb20\" data-element_type=\"column\">\n\t\t\t<div class=\"elementor-widget-wrap elementor-element-populated\">\n\t\t\t\t\t\t<div class=\"elementor-element elementor-element-10dab70 elementor-widget__width-inherit elementor-widget-mobile__width-inherit animated-slow elementor-invisible elementor-widget elementor-widget-tfanimated_headline\" data-id=\"10dab70\" data-element_type=\"widget\" data-settings=\"{&quot;_animation&quot;:&quot;fadeInUp&quot;}\" data-widget_type=\"tfanimated_headline.default\">\n\t\t\t\t<div class=\"elementor-widget-container\">\n\t\t\t<div class=\"tf-headline-wrap \">\r\n                <h3 class=\"tf-headline\">\r\n                    <span class=\"tf-text tf-before-text\">\r\n                        Nous vous attendons chez Kant Finance \r\n                    <\/span>\r\n                    <span class=\"tf-text tf-highlighted-text tf-highlighted animationtext zoom\">\r\n                        <span class=\"cd-words-wrapper\"><\/span> \r\n                    <\/span>\r\n                    <span class=\"tf-text tf-after-text\">\r\n                        \r\n                    <\/span>\r\n                <\/h3>\r\n            <\/div>\t\t<\/div>\n\t\t\t\t<\/div>\n\t\t\t\t<div class=\"elementor-element elementor-element-2a52795 animated-slow elementor-invisible elementor-widget elementor-widget-text-editor\" data-id=\"2a52795\" data-element_type=\"widget\" data-settings=\"{&quot;_animation&quot;:&quot;fadeInUp&quot;}\" data-widget_type=\"text-editor.default\">\n\t\t\t\t<div class=\"elementor-widget-container\">\n\t\t\t\t\t\t\tSi vous avez des questions, nos experts Kant Finance sont toujours pr\u00eats \u00e0 vous fournir un soutien et une assistance fiables pour choisir la solution optimale. Rendez votre exp\u00e9rience de trading aussi efficace que possible avec la plateforme WebTrader innovante.\t\t\t\t\t\t<\/div>\n\t\t\t\t<\/div>\n\t\t\t\t<div class=\"elementor-element elementor-element-b2bbe71 animated-slow elementor-invisible elementor-widget elementor-widget-button\" data-id=\"b2bbe71\" data-element_type=\"widget\" data-settings=\"{&quot;_animation&quot;:&quot;fadeInUp&quot;}\" data-widget_type=\"button.default\">\n\t\t\t\t<div class=\"elementor-widget-container\">\n\t\t\t\t\t<div class=\"elementor-button-wrapper\">\n\t\t\t<a class=\"elementor-button elementor-button-link elementor-size-sm\" href=\"\/fr\/sign-up\">\n\t\t\t\t\t\t<span class=\"elementor-button-content-wrapper\">\n\t\t\t\t\t\t<span class=\"elementor-button-icon\">\n\t\t\t\t<svg aria-hidden=\"true\" class=\"e-font-icon-svg e-fas-arrow-right\" viewBox=\"0 0 448 512\" xmlns=\"http:\/\/www.w3.org\/2000\/svg\"><path d=\"M190.5 66.9l22.2-22.2c9.4-9.4 24.6-9.4 33.9 0L441 239c9.4 9.4 9.4 24.6 0 33.9L246.6 467.3c-9.4 9.4-24.6 9.4-33.9 0l-22.2-22.2c-9.5-9.5-9.3-25 .4-34.3L311.4 296H24c-13.3 0-24-10.7-24-24v-32c0-13.3 10.7-24 24-24h287.4L190.9 101.2c-9.8-9.3-10-24.8-.4-34.3z\"><\/path><\/svg>\t\t\t<\/span>\n\t\t\t\t\t\t\t\t\t<span class=\"elementor-button-text\">S'inscrire<\/span>\n\t\t\t\t\t<\/span>\n\t\t\t\t\t<\/a>\n\t\t<\/div>\n\t\t\t\t<\/div>\n\t\t\t\t<\/div>\n\t\t\t\t\t<\/div>\n\t\t<\/div>\n\t\t\t\t<div class=\"elementor-column elementor-col-50 elementor-top-column elementor-element elementor-element-5c6d618\" data-id=\"5c6d618\" data-element_type=\"column\">\n\t\t\t<div class=\"elementor-widget-wrap elementor-element-populated\">\n\t\t\t\t\t\t<div class=\"elementor-element elementor-element-6e45630 elementor-widget__width-auto elementor-widget elementor-widget-image\" data-id=\"6e45630\" data-element_type=\"widget\" data-widget_type=\"image.default\">\n\t\t\t\t<div class=\"elementor-widget-container\">\n\t\t\t\t\t\t\t\t\t\t\t\t\t<img loading=\"lazy\" decoding=\"async\" width=\"1000\" height=\"935\" src=\"https:\/\/kantfinance.pro\/wp-content\/uploads\/2024\/09\/Image-6-13.png\" class=\"attachment-full size-full wp-image-6793\" alt=\"\" srcset=\"https:\/\/kantfinance.pro\/wp-content\/uploads\/2024\/09\/Image-6-13.png 1000w, https:\/\/kantfinance.pro\/wp-content\/uploads\/2024\/09\/Image-6-13-300x281.png 300w, https:\/\/kantfinance.pro\/wp-content\/uploads\/2024\/09\/Image-6-13-768x718.png 768w\" sizes=\"(max-width: 1000px) 100vw, 1000px\" \/>\t\t\t\t\t\t\t\t\t\t\t\t\t<\/div>\n\t\t\t\t<\/div>\n\t\t\t\t\t<\/div>\n\t\t<\/div>\n\t\t\t\t\t<\/div>\n\t\t<\/section>\n\t\t\t\t<\/div>\n\t\t","protected":false},"excerpt":{"rendered":"<p>Plateforme N\u00e9gociez et investissez dans un terminal moderne puissant avec des fonctionnalit\u00e9s \u00e9tendues. Trading pour le plaisir D\u00e9couvrez une nouvelle \u00e8re d&rsquo;investissement avec la plateforme [&hellip;]<\/p>\n","protected":false},"author":3,"featured_media":0,"parent":0,"menu_order":0,"comment_status":"closed","ping_status":"closed","template":"tpl\/front-page.php","meta":{"footnotes":""},"class_list":["post-6971","page","type-page","status-publish","hentry"],"_links":{"self":[{"href":"https:\/\/kantfinance.pro\/fr\/wp-json\/wp\/v2\/pages\/6971"}],"collection":[{"href":"https:\/\/kantfinance.pro\/fr\/wp-json\/wp\/v2\/pages"}],"about":[{"href":"https:\/\/kantfinance.pro\/fr\/wp-json\/wp\/v2\/types\/page"}],"author":[{"embeddable":true,"href":"https:\/\/kantfinance.pro\/fr\/wp-json\/wp\/v2\/users\/3"}],"replies":[{"embeddable":true,"href":"https:\/\/kantfinance.pro\/fr\/wp-json\/wp\/v2\/comments?post=6971"}],"version-history":[{"count":4,"href":"https:\/\/kantfinance.pro\/fr\/wp-json\/wp\/v2\/pages\/6971\/revisions"}],"predecessor-version":[{"id":7099,"href":"https:\/\/kantfinance.pro\/fr\/wp-json\/wp\/v2\/pages\/6971\/revisions\/7099"}],"wp:attachment":[{"href":"https:\/\/kantfinance.pro\/fr\/wp-json\/wp\/v2\/media?parent=6971"}],"curies":[{"name":"wp","href":"https:\/\/api.w.org\/{rel}","templated":true}]}}