{"id":6947,"date":"2024-03-14T11:13:21","date_gmt":"2024-03-14T11:13:21","guid":{"rendered":"https:\/\/kantfinance.pro\/about"},"modified":"2024-09-09T09:12:57","modified_gmt":"2024-09-09T09:12:57","slug":"about","status":"publish","type":"page","link":"https:\/\/kantfinance.pro\/fr\/about","title":{"rendered":"Kant Finance"},"content":{"rendered":"\t\t<div data-elementor-type=\"wp-page\" data-elementor-id=\"6947\" class=\"elementor elementor-6947\" data-elementor-post-type=\"page\">\n\t\t\t\t\t\t<section class=\"elementor-section elementor-top-section elementor-element elementor-element-a154128 elementor-reverse-mobile elementor-section-boxed elementor-section-height-default elementor-section-height-default\" data-id=\"a154128\" data-element_type=\"section\" data-settings=\"{&quot;background_background&quot;:&quot;classic&quot;}\">\n\t\t\t\t\t\t\t<div class=\"elementor-background-overlay\"><\/div>\n\t\t\t\t\t\t\t<div class=\"elementor-container elementor-column-gap-default\">\n\t\t\t\t\t<div class=\"elementor-column elementor-col-100 elementor-top-column elementor-element elementor-element-e2c74d1\" data-id=\"e2c74d1\" data-element_type=\"column\">\n\t\t\t<div class=\"elementor-widget-wrap elementor-element-populated\">\n\t\t\t\t\t\t<div class=\"elementor-element elementor-element-4d8aba1 animated-slow elementor-invisible elementor-widget elementor-widget-tfanimated_headline\" data-id=\"4d8aba1\" data-element_type=\"widget\" data-settings=\"{&quot;_animation&quot;:&quot;fadeInUp&quot;}\" data-widget_type=\"tfanimated_headline.default\">\n\t\t\t\t<div class=\"elementor-widget-container\">\n\t\t\t<div class=\"tf-headline-wrap \">\r\n                <h1 class=\"tf-headline\">\r\n                    <span class=\"tf-text tf-before-text\">\r\n                        Kant Finance\r\n                    <\/span>\r\n                    <span class=\"tf-text tf-highlighted-text tf-highlighted animationtext zoom\">\r\n                        <span class=\"cd-words-wrapper\"><\/span> \r\n                    <\/span>\r\n                    <span class=\"tf-text tf-after-text\">\r\n                        \r\n                    <\/span>\r\n                <\/h1>\r\n            <\/div>\t\t<\/div>\n\t\t\t\t<\/div>\n\t\t\t\t<div class=\"elementor-element elementor-element-100b8f7 animated-slow elementor-invisible elementor-widget elementor-widget-text-editor\" data-id=\"100b8f7\" data-element_type=\"widget\" data-settings=\"{&quot;_animation&quot;:&quot;fadeInUp&quot;}\" data-widget_type=\"text-editor.default\">\n\t\t\t\t<div class=\"elementor-widget-container\">\n\t\t\t\t\t\t\tNous nous effor\u00e7ons d&rsquo;atteindre notre objectif \u2013 un environnement commercial id\u00e9al o\u00f9 il existe les conditions et les outils n\u00e9cessaires pour n\u00e9gocier en bourse.\t\t\t\t\t\t<\/div>\n\t\t\t\t<\/div>\n\t\t\t\t\t<\/div>\n\t\t<\/div>\n\t\t\t\t\t<\/div>\n\t\t<\/section>\n\t\t\t\t<section class=\"elementor-section elementor-top-section elementor-element elementor-element-b82a7b9 elementor-section-content-middle elementor-section-boxed elementor-section-height-default elementor-section-height-default\" data-id=\"b82a7b9\" data-element_type=\"section\">\n\t\t\t\t\t\t<div class=\"elementor-container elementor-column-gap-default\">\n\t\t\t\t\t<div class=\"elementor-column elementor-col-50 elementor-top-column elementor-element elementor-element-c12d783\" data-id=\"c12d783\" data-element_type=\"column\">\n\t\t\t<div class=\"elementor-widget-wrap elementor-element-populated\">\n\t\t\t\t\t\t<div class=\"elementor-element elementor-element-f1abb71 elementor-widget__width-inherit elementor-widget-mobile__width-inherit animated-slow elementor-invisible elementor-widget elementor-widget-tfanimated_headline\" data-id=\"f1abb71\" data-element_type=\"widget\" data-settings=\"{&quot;_animation&quot;:&quot;fadeInUp&quot;}\" data-widget_type=\"tfanimated_headline.default\">\n\t\t\t\t<div class=\"elementor-widget-container\">\n\t\t\t<div class=\"tf-headline-wrap \">\r\n                <h3 class=\"tf-headline\">\r\n                    <span class=\"tf-text tf-before-text\">\r\n                        Nous travaillons \r\n                    <\/span>\r\n                    <span class=\"tf-text tf-highlighted-text tf-highlighted animationtext zoom\">\r\n                        <span class=\"cd-words-wrapper\"><span class=\"item-text is-visible\">pour vous<\/span><\/span> \r\n                    <\/span>\r\n                    <span class=\"tf-text tf-after-text\">\r\n                        \r\n                    <\/span>\r\n                <\/h3>\r\n            <\/div>\t\t<\/div>\n\t\t\t\t<\/div>\n\t\t\t\t<div class=\"elementor-element elementor-element-942e794 animated-slow elementor-invisible elementor-widget elementor-widget-text-editor\" data-id=\"942e794\" data-element_type=\"widget\" data-settings=\"{&quot;_animation&quot;:&quot;fadeInUp&quot;}\" data-widget_type=\"text-editor.default\">\n\t\t\t\t<div class=\"elementor-widget-container\">\n\t\t\t\t\t\t\tKant Finance est fi\u00e8re de son \u00e9quipe qualifi\u00e9e de traders exp\u00e9riment\u00e9s et d&rsquo;experts financiers. Nous savons que non seulement les technologies de pointe, mais aussi le soutien professionnel sont importants pour un investissement r\u00e9ussi. Notre \u00e9quipe poss\u00e8de une vaste exp\u00e9rience dans le domaine du trading et fournit aux clients des id\u00e9es fiables, des donn\u00e9es analytiques et des outils de trading modernes.\t\t\t\t\t\t<\/div>\n\t\t\t\t<\/div>\n\t\t\t\t\t<\/div>\n\t\t<\/div>\n\t\t\t\t<div class=\"elementor-column elementor-col-50 elementor-top-column elementor-element elementor-element-5ee2ba7\" data-id=\"5ee2ba7\" data-element_type=\"column\">\n\t\t\t<div class=\"elementor-widget-wrap elementor-element-populated\">\n\t\t\t\t\t\t<div class=\"elementor-element elementor-element-ef558a4 elementor-widget elementor-widget-image\" data-id=\"ef558a4\" data-element_type=\"widget\" data-widget_type=\"image.default\">\n\t\t\t\t<div class=\"elementor-widget-container\">\n\t\t\t\t\t\t\t\t\t\t\t\t\t<img fetchpriority=\"high\" decoding=\"async\" width=\"1000\" height=\"739\" src=\"https:\/\/kantfinance.pro\/wp-content\/uploads\/2024\/09\/Image-5-13-1.jpg\" class=\"attachment-full size-full wp-image-6819\" alt=\"\" srcset=\"https:\/\/kantfinance.pro\/wp-content\/uploads\/2024\/09\/Image-5-13-1.jpg 1000w, https:\/\/kantfinance.pro\/wp-content\/uploads\/2024\/09\/Image-5-13-1-300x222.jpg 300w, https:\/\/kantfinance.pro\/wp-content\/uploads\/2024\/09\/Image-5-13-1-768x568.jpg 768w\" sizes=\"(max-width: 1000px) 100vw, 1000px\" \/>\t\t\t\t\t\t\t\t\t\t\t\t\t<\/div>\n\t\t\t\t<\/div>\n\t\t\t\t\t<\/div>\n\t\t<\/div>\n\t\t\t\t\t<\/div>\n\t\t<\/section>\n\t\t\t\t<section class=\"elementor-section elementor-top-section elementor-element elementor-element-18923ab elementor-section-boxed elementor-section-height-default elementor-section-height-default\" data-id=\"18923ab\" data-element_type=\"section\">\n\t\t\t\t\t\t<div class=\"elementor-container elementor-column-gap-default\">\n\t\t\t\t\t<div class=\"elementor-column elementor-col-100 elementor-top-column elementor-element elementor-element-609b23a\" data-id=\"609b23a\" data-element_type=\"column\">\n\t\t\t<div class=\"elementor-widget-wrap elementor-element-populated\">\n\t\t\t\t\t\t<div class=\"elementor-element elementor-element-b29a939 elementor-widget__width-initial elementor-widget-mobile__width-inherit animated-slow elementor-invisible elementor-widget elementor-widget-tfanimated_headline\" data-id=\"b29a939\" data-element_type=\"widget\" data-settings=\"{&quot;_animation&quot;:&quot;fadeInUp&quot;}\" data-widget_type=\"tfanimated_headline.default\">\n\t\t\t\t<div class=\"elementor-widget-container\">\n\t\t\t<div class=\"tf-headline-wrap \">\r\n                <h3 class=\"tf-headline\">\r\n                    <span class=\"tf-text tf-before-text\">\r\n                        Nos offres \r\n                    <\/span>\r\n                    <span class=\"tf-text tf-highlighted-text tf-highlighted animationtext zoom\">\r\n                        <span class=\"cd-words-wrapper\"><\/span> \r\n                    <\/span>\r\n                    <span class=\"tf-text tf-after-text\">\r\n                        \r\n                    <\/span>\r\n                <\/h3>\r\n            <\/div>\t\t<\/div>\n\t\t\t\t<\/div>\n\t\t\t\t<section class=\"elementor-section elementor-inner-section elementor-element elementor-element-b2e07ec elementor-section-full_width elementor-section-height-default elementor-section-height-default\" data-id=\"b2e07ec\" data-element_type=\"section\">\n\t\t\t\t\t\t<div class=\"elementor-container elementor-column-gap-default\">\n\t\t\t\t\t<div class=\"elementor-column elementor-col-33 elementor-inner-column elementor-element elementor-element-4ab2629 animated-slow elementor-invisible\" data-id=\"4ab2629\" data-element_type=\"column\" data-settings=\"{&quot;background_background&quot;:&quot;gradient&quot;,&quot;animation&quot;:&quot;zoomIn&quot;}\">\n\t\t\t<div class=\"elementor-widget-wrap elementor-element-populated\">\n\t\t\t\t\t\t<div class=\"elementor-element elementor-element-1d7b5fc elementor-widget__width-auto e-transform elementor-view-default elementor-widget elementor-widget-icon\" data-id=\"1d7b5fc\" data-element_type=\"widget\" data-settings=\"{&quot;_transform_scale_effect_hover&quot;:{&quot;unit&quot;:&quot;px&quot;,&quot;size&quot;:1.1,&quot;sizes&quot;:[]},&quot;_transform_scale_effect_hover_tablet&quot;:{&quot;unit&quot;:&quot;px&quot;,&quot;size&quot;:&quot;&quot;,&quot;sizes&quot;:[]},&quot;_transform_scale_effect_hover_mobile&quot;:{&quot;unit&quot;:&quot;px&quot;,&quot;size&quot;:&quot;&quot;,&quot;sizes&quot;:[]}}\" data-widget_type=\"icon.default\">\n\t\t\t\t<div class=\"elementor-widget-container\">\n\t\t\t\t\t<div class=\"elementor-icon-wrapper\">\n\t\t\t<div class=\"elementor-icon\">\n\t\t\t<svg xmlns=\"http:\/\/www.w3.org\/2000\/svg\" xmlns:xlink=\"http:\/\/www.w3.org\/1999\/xlink\" id=\"Capa_1\" x=\"0px\" y=\"0px\" viewBox=\"0 0 100 100\" style=\"enable-background:new 0 0 100 100;\" xml:space=\"preserve\"><style type=\"text\/css\">\t.st0{fill:#FFFFFF;}<\/style><g>\t<g>\t\t<g>\t\t\t<path class=\"st0\" d=\"M0,43.6c-0.2,1.7,1.1,3.3,2.9,3.3h11.9c1.4,0,2.7-1,2.9-2.4C20,30.8,30.8,20,44.4,17.7    c1.4-0.2,2.4-1.5,2.4-2.9V2.9c0-1.8-1.5-3.1-3.3-2.9h0c-11,1.4-21.4,6.4-29.2,14.3C6.5,22.2,1.4,32.6,0,43.6z\"><\/path>\t\t\t<path class=\"st0\" d=\"M68.7,76.3c-5.6,4-12.1,6.1-18.9,6.1c-15.9,0-29.4-11.4-32.1-27.2c-0.2-1.4-1.5-2.4-2.9-2.4H2.9    c-1.8,0-3.1,1.5-2.9,3.3v0C3.1,81.1,24.5,100,49.8,100c11.3,0,21.9-3.7,30.8-10.6c1.4-1.1,1.5-3.1,0.3-4.4l-8.4-8.4    C71.4,75.6,69.8,75.5,68.7,76.3z\"><\/path>\t\t\t<path class=\"st0\" d=\"M55.2,17.7c15.7,2.6,27.2,16.1,27.2,32.1c0,6.8-2.1,13.3-6.1,18.9c-0.8,1.2-0.7,2.8,0.3,3.8l8.4,8.4    c1.2,1.2,3.3,1.1,4.4-0.3l0,0c6.9-8.9,10.6-19.5,10.6-30.8C100,24.5,81.1,3.1,56.1,0h0c-1.7-0.2-3.3,1.1-3.3,2.9v11.9    C52.8,16.3,53.8,17.5,55.2,17.7L55.2,17.7z\"><\/path>\t\t<\/g>\t<\/g>\t<g>\t\t<path class=\"st0\" d=\"M51.8,29.7h-3.9c-1.6,0-2.9,1.3-2.9,2.9v34.2h9.8V32.6C54.7,31,53.4,29.7,51.8,29.7z\"><\/path>\t\t<path class=\"st0\" d=\"M60.6,66.8h6.8c1.6,0,2.9-1.3,2.9-2.9V40.4c0-1.6-1.3-2.9-2.9-2.9h-6.8V66.8z\"><\/path>\t\t<path class=\"st0\" d=\"M39.1,45.3h-6.8c-1.6,0-2.9,1.3-2.9,2.9v15.6c0,1.6,1.3,2.9,2.9,2.9h6.8V45.3z\"><\/path>\t<\/g><\/g><\/svg>\t\t\t<\/div>\n\t\t<\/div>\n\t\t\t\t<\/div>\n\t\t\t\t<\/div>\n\t\t\t\t<div class=\"elementor-element elementor-element-4d29e23 elementor-widget elementor-widget-heading\" data-id=\"4d29e23\" data-element_type=\"widget\" data-widget_type=\"heading.default\">\n\t\t\t\t<div class=\"elementor-widget-container\">\n\t\t\t<h4 class=\"elementor-heading-title elementor-size-default\">Analytique<\/h4>\t\t<\/div>\n\t\t\t\t<\/div>\n\t\t\t\t<div class=\"elementor-element elementor-element-b58353c elementor-widget elementor-widget-text-editor\" data-id=\"b58353c\" data-element_type=\"widget\" data-widget_type=\"text-editor.default\">\n\t\t\t\t<div class=\"elementor-widget-container\">\n\t\t\t\t\t\t\tDe nombreux outils pour \u00e9tudier les tendances et la situation du march\u00e9 en g\u00e9n\u00e9ral.\t\t\t\t\t\t<\/div>\n\t\t\t\t<\/div>\n\t\t\t\t\t<\/div>\n\t\t<\/div>\n\t\t\t\t<div class=\"elementor-column elementor-col-33 elementor-inner-column elementor-element elementor-element-885f74e animated-slow elementor-invisible\" data-id=\"885f74e\" data-element_type=\"column\" data-settings=\"{&quot;background_background&quot;:&quot;gradient&quot;,&quot;animation&quot;:&quot;zoomIn&quot;}\">\n\t\t\t<div class=\"elementor-widget-wrap elementor-element-populated\">\n\t\t\t\t\t\t<div class=\"elementor-element elementor-element-fc46918 elementor-widget__width-auto e-transform elementor-view-default elementor-widget elementor-widget-icon\" data-id=\"fc46918\" data-element_type=\"widget\" data-settings=\"{&quot;_transform_scale_effect_hover&quot;:{&quot;unit&quot;:&quot;px&quot;,&quot;size&quot;:1.1,&quot;sizes&quot;:[]},&quot;_transform_scale_effect_hover_tablet&quot;:{&quot;unit&quot;:&quot;px&quot;,&quot;size&quot;:&quot;&quot;,&quot;sizes&quot;:[]},&quot;_transform_scale_effect_hover_mobile&quot;:{&quot;unit&quot;:&quot;px&quot;,&quot;size&quot;:&quot;&quot;,&quot;sizes&quot;:[]}}\" data-widget_type=\"icon.default\">\n\t\t\t\t<div class=\"elementor-widget-container\">\n\t\t\t\t\t<div class=\"elementor-icon-wrapper\">\n\t\t\t<div class=\"elementor-icon\">\n\t\t\t<svg xmlns=\"http:\/\/www.w3.org\/2000\/svg\" xmlns:xlink=\"http:\/\/www.w3.org\/1999\/xlink\" id=\"Capa_1\" x=\"0px\" y=\"0px\" viewBox=\"0 0 100 100\" style=\"enable-background:new 0 0 100 100;\" xml:space=\"preserve\"><style type=\"text\/css\">\t.st0{fill:#FFFFFF;}<\/style><g>\t<path class=\"st0\" d=\"M97.1,52.9H2.9c-1.6,0-2.9,1.3-2.9,2.9s1.3,2.9,2.9,2.9h41.9L29.9,83.6c-1.2,2,0.2,4.4,2.5,4.4h35.2  c2.3,0,3.7-2.5,2.5-4.4L55.2,58.8h41.9c1.6,0,2.9-1.3,2.9-2.9S98.7,52.9,97.1,52.9z\"><\/path>\t<circle class=\"st0\" cx=\"17.6\" cy=\"29.5\" r=\"17.6\"><\/circle>\t<circle class=\"st0\" cx=\"82.4\" cy=\"29.5\" r=\"17.6\"><\/circle><\/g><\/svg>\t\t\t<\/div>\n\t\t<\/div>\n\t\t\t\t<\/div>\n\t\t\t\t<\/div>\n\t\t\t\t<div class=\"elementor-element elementor-element-61c3882 elementor-widget elementor-widget-heading\" data-id=\"61c3882\" data-element_type=\"widget\" data-widget_type=\"heading.default\">\n\t\t\t\t<div class=\"elementor-widget-container\">\n\t\t\t<h4 class=\"elementor-heading-title elementor-size-default\">Effet de levier<\/h4>\t\t<\/div>\n\t\t\t\t<\/div>\n\t\t\t\t<div class=\"elementor-element elementor-element-62b6c5f elementor-widget elementor-widget-text-editor\" data-id=\"62b6c5f\" data-element_type=\"widget\" data-widget_type=\"text-editor.default\">\n\t\t\t\t<div class=\"elementor-widget-container\">\n\t\t\t\t\t\t\tUn effet de levier flexible qui vous offre plus d&rsquo;avantages pour vos transactions.\t\t\t\t\t\t<\/div>\n\t\t\t\t<\/div>\n\t\t\t\t\t<\/div>\n\t\t<\/div>\n\t\t\t\t<div class=\"elementor-column elementor-col-33 elementor-inner-column elementor-element elementor-element-672b8cc animated-slow elementor-invisible\" data-id=\"672b8cc\" data-element_type=\"column\" data-settings=\"{&quot;background_background&quot;:&quot;gradient&quot;,&quot;animation&quot;:&quot;zoomIn&quot;}\">\n\t\t\t<div class=\"elementor-widget-wrap elementor-element-populated\">\n\t\t\t\t\t\t<div class=\"elementor-element elementor-element-16d6902 elementor-widget__width-auto e-transform elementor-view-default elementor-widget elementor-widget-icon\" data-id=\"16d6902\" data-element_type=\"widget\" data-settings=\"{&quot;_transform_scale_effect_hover&quot;:{&quot;unit&quot;:&quot;px&quot;,&quot;size&quot;:1.1,&quot;sizes&quot;:[]},&quot;_transform_scale_effect_hover_tablet&quot;:{&quot;unit&quot;:&quot;px&quot;,&quot;size&quot;:&quot;&quot;,&quot;sizes&quot;:[]},&quot;_transform_scale_effect_hover_mobile&quot;:{&quot;unit&quot;:&quot;px&quot;,&quot;size&quot;:&quot;&quot;,&quot;sizes&quot;:[]}}\" data-widget_type=\"icon.default\">\n\t\t\t\t<div class=\"elementor-widget-container\">\n\t\t\t\t\t<div class=\"elementor-icon-wrapper\">\n\t\t\t<div class=\"elementor-icon\">\n\t\t\t<svg xmlns=\"http:\/\/www.w3.org\/2000\/svg\" xmlns:xlink=\"http:\/\/www.w3.org\/1999\/xlink\" id=\"Capa_1\" x=\"0px\" y=\"0px\" viewBox=\"0 0 100 100\" style=\"enable-background:new 0 0 100 100;\" xml:space=\"preserve\"><style type=\"text\/css\">\t.st0{fill:#FFFFFF;}<\/style><g>\t<path class=\"st0\" d=\"M63.7,1.7v13.9h13.9L63.7,1.7z\"><\/path>\t<path class=\"st0\" d=\"M56.5,72.8H33.4c-1.6,0-2.9-1.3-2.9-2.9s1.3-2.9,2.9-2.9h22.5c0-2.6,0.5-5.2,1.4-7.5H33.4  c-1.6,0-2.9-1.3-2.9-2.9c0-1.6,1.3-2.9,2.9-2.9h27c4.3-5.8,11.2-9.6,18.9-9.6V21.5H60.7c-1.6,0-2.9-1.3-2.9-2.9V0H6.1  C4.4,0,3.1,1.3,3.1,2.9v94.1c0,1.6,1.3,2.9,2.9,2.9h70.3c1.6,0,2.9-1.3,2.9-2.9v-6.2C68.2,90.8,59,83.1,56.5,72.8z M33.4,13.4H49  c1.6,0,2.9,1.3,2.9,2.9s-1.3,2.9-2.9,2.9H33.4c-1.6,0-2.9-1.3-2.9-2.9S31.8,13.4,33.4,13.4z M33.4,26.8h29.3c1.6,0,2.9,1.3,2.9,2.9  c0,1.6-1.3,2.9-2.9,2.9H33.4c-1.6,0-2.9-1.3-2.9-2.9C30.5,28.1,31.8,26.8,33.4,26.8z M33.4,40.2h29.3c1.6,0,2.9,1.3,2.9,2.9  c0,1.6-1.3,2.9-2.9,2.9H33.4c-1.6,0-2.9-1.3-2.9-2.9C30.5,41.5,31.8,40.2,33.4,40.2z M21.7,86.2h-3.9c-1.6,0-2.9-1.3-2.9-2.9  c0-1.6,1.3-2.9,2.9-2.9h3.9c1.6,0,2.9,1.3,2.9,2.9C24.6,84.9,23.3,86.2,21.7,86.2z M21.7,72.8h-3.9c-1.6,0-2.9-1.3-2.9-2.9  c0-1.6,1.3-2.9,2.9-2.9h3.9c1.6,0,2.9,1.3,2.9,2.9C24.6,71.5,23.3,72.8,21.7,72.8z M21.7,59.4h-3.9c-1.6,0-2.9-1.3-2.9-2.9  c0-1.6,1.3-2.9,2.9-2.9h3.9c1.6,0,2.9,1.3,2.9,2.9C24.6,58.1,23.3,59.4,21.7,59.4z M21.7,46h-3.9c-1.6,0-2.9-1.3-2.9-2.9  c0-1.6,1.3-2.9,2.9-2.9h3.9c1.6,0,2.9,1.3,2.9,2.9C24.6,44.7,23.3,46,21.7,46z M21.7,32.6h-3.9c-1.6,0-2.9-1.3-2.9-2.9  s1.3-2.9,2.9-2.9h3.9c1.6,0,2.9,1.3,2.9,2.9S23.3,32.6,21.7,32.6z M21.7,19.3h-3.9c-1.6,0-2.9-1.3-2.9-2.9c0-1.6,1.3-2.9,2.9-2.9  h3.9c1.6,0,2.9,1.3,2.9,2.9C24.6,17.9,23.3,19.3,21.7,19.3z M47.1,86.2H33.4c-1.6,0-2.9-1.3-2.9-2.9c0-1.6,1.3-2.9,2.9-2.9h13.7  c1.6,0,2.9,1.3,2.9,2.9C50,84.9,48.7,86.2,47.1,86.2z\"><\/path>\t<path class=\"st0\" d=\"M79.3,49.8c-9.7,0-17.6,7.9-17.6,17.6S69.6,85,79.3,85s17.6-7.9,17.6-17.6S89,49.8,79.3,49.8z M87.6,65.3  l-8.3,8.3c-1.1,1.1-3,1.1-4.1,0L71,69.5c-1.1-1.1-1.1-3,0-4.1c1.1-1.1,3-1.1,4.1,0l2.1,2.1l6.2-6.2c1.1-1.1,3-1.1,4.1,0  C88.7,62.3,88.7,64.2,87.6,65.3L87.6,65.3z\"><\/path><\/g><\/svg>\t\t\t<\/div>\n\t\t<\/div>\n\t\t\t\t<\/div>\n\t\t\t\t<\/div>\n\t\t\t\t<div class=\"elementor-element elementor-element-6482682 elementor-widget elementor-widget-heading\" data-id=\"6482682\" data-element_type=\"widget\" data-widget_type=\"heading.default\">\n\t\t\t\t<div class=\"elementor-widget-container\">\n\t\t\t<h4 class=\"elementor-heading-title elementor-size-default\">Ex\u00e9cution des transactions<\/h4>\t\t<\/div>\n\t\t\t\t<\/div>\n\t\t\t\t<div class=\"elementor-element elementor-element-7622540 elementor-widget elementor-widget-text-editor\" data-id=\"7622540\" data-element_type=\"widget\" data-widget_type=\"text-editor.default\">\n\t\t\t\t<div class=\"elementor-widget-container\">\n\t\t\t\t\t\t\tEx\u00e9cution rapide des ordres sans requotes ni glissement au meilleur terminal.\t\t\t\t\t\t<\/div>\n\t\t\t\t<\/div>\n\t\t\t\t\t<\/div>\n\t\t<\/div>\n\t\t\t\t\t<\/div>\n\t\t<\/section>\n\t\t\t\t\t<\/div>\n\t\t<\/div>\n\t\t\t\t\t<\/div>\n\t\t<\/section>\n\t\t\t\t<section class=\"elementor-section elementor-top-section elementor-element elementor-element-bef4c44 elementor-section-content-middle elementor-section-boxed elementor-section-height-default elementor-section-height-default\" data-id=\"bef4c44\" data-element_type=\"section\">\n\t\t\t\t\t\t<div class=\"elementor-container elementor-column-gap-default\">\n\t\t\t\t\t<div class=\"elementor-column elementor-col-50 elementor-top-column elementor-element elementor-element-e3a3168\" data-id=\"e3a3168\" data-element_type=\"column\">\n\t\t\t<div class=\"elementor-widget-wrap elementor-element-populated\">\n\t\t\t\t\t\t<div class=\"elementor-element elementor-element-8c2a03a elementor-widget elementor-widget-image\" data-id=\"8c2a03a\" data-element_type=\"widget\" data-widget_type=\"image.default\">\n\t\t\t\t<div class=\"elementor-widget-container\">\n\t\t\t\t\t\t\t\t\t\t\t\t\t<img decoding=\"async\" width=\"1000\" height=\"739\" src=\"https:\/\/kantfinance.pro\/wp-content\/uploads\/2024\/03\/Image-5-13-10.webp\" class=\"attachment-full size-full wp-image-6455\" alt=\"\" srcset=\"https:\/\/kantfinance.pro\/wp-content\/uploads\/2024\/03\/Image-5-13-10.webp 1000w, https:\/\/kantfinance.pro\/wp-content\/uploads\/2024\/03\/Image-5-13-10-300x222.webp 300w, https:\/\/kantfinance.pro\/wp-content\/uploads\/2024\/03\/Image-5-13-10-768x568.webp 768w\" sizes=\"(max-width: 1000px) 100vw, 1000px\" \/>\t\t\t\t\t\t\t\t\t\t\t\t\t<\/div>\n\t\t\t\t<\/div>\n\t\t\t\t\t<\/div>\n\t\t<\/div>\n\t\t\t\t<div class=\"elementor-column elementor-col-50 elementor-top-column elementor-element elementor-element-80db0bd\" data-id=\"80db0bd\" data-element_type=\"column\">\n\t\t\t<div class=\"elementor-widget-wrap elementor-element-populated\">\n\t\t\t\t\t\t<div class=\"elementor-element elementor-element-48af708 elementor-widget__width-inherit elementor-widget-mobile__width-inherit animated-slow elementor-invisible elementor-widget elementor-widget-tfanimated_headline\" data-id=\"48af708\" data-element_type=\"widget\" data-settings=\"{&quot;_animation&quot;:&quot;fadeInUp&quot;}\" data-widget_type=\"tfanimated_headline.default\">\n\t\t\t\t<div class=\"elementor-widget-container\">\n\t\t\t<div class=\"tf-headline-wrap \">\r\n                <h3 class=\"tf-headline\">\r\n                    <span class=\"tf-text tf-before-text\">\r\n                        Investissez sans entrave \r\n                    <\/span>\r\n                    <span class=\"tf-text tf-highlighted-text tf-highlighted animationtext zoom\">\r\n                        <span class=\"cd-words-wrapper\"><\/span> \r\n                    <\/span>\r\n                    <span class=\"tf-text tf-after-text\">\r\n                        \r\n                    <\/span>\r\n                <\/h3>\r\n            <\/div>\t\t<\/div>\n\t\t\t\t<\/div>\n\t\t\t\t<div class=\"elementor-element elementor-element-6528f95 animated-slow elementor-invisible elementor-widget elementor-widget-text-editor\" data-id=\"6528f95\" data-element_type=\"widget\" data-settings=\"{&quot;_animation&quot;:&quot;fadeInUp&quot;}\" data-widget_type=\"text-editor.default\">\n\t\t\t\t<div class=\"elementor-widget-container\">\n\t\t\t\t\t\t\tLorsque vous choisissez Kant Finance, vous b\u00e9n\u00e9ficiez non seulement d&rsquo;un acc\u00e8s \u00e0 des technologies de pointe, mais \u00e9galement d&rsquo;une coop\u00e9ration personnelle. Nous accordons de l&rsquo;importance \u00e0 l&rsquo;individualit\u00e9 de chaque client, en lui offrant conseils et soutien. Notre \u00e9quipe est pr\u00eate \u00e0 vous fournir toutes les informations n\u00e9cessaires pour une n\u00e9gociation efficace et une minimisation des risques. Chaque membre de notre \u00e9quipe parle une langue que le client comprend, assurant un maximum de clart\u00e9 et de compr\u00e9hension \u00e0 toutes les \u00e9tapes de la coop\u00e9ration. Avec Kant Finance, vos investissements sont entre de bonnes mains.\t\t\t\t\t\t<\/div>\n\t\t\t\t<\/div>\n\t\t\t\t<section class=\"elementor-section elementor-inner-section elementor-element elementor-element-6816da8 elementor-section-full_width elementor-section-height-default elementor-section-height-default\" data-id=\"6816da8\" data-element_type=\"section\">\n\t\t\t\t\t\t<div class=\"elementor-container elementor-column-gap-default\">\n\t\t\t\t\t<div class=\"elementor-column elementor-col-50 elementor-inner-column elementor-element elementor-element-4dd2c88\" data-id=\"4dd2c88\" data-element_type=\"column\">\n\t\t\t<div class=\"elementor-widget-wrap elementor-element-populated\">\n\t\t\t\t\t\t<div class=\"elementor-element elementor-element-8a964f5 tf-content-align-left elementor-widget elementor-widget-tfcounter\" data-id=\"8a964f5\" data-element_type=\"widget\" data-widget_type=\"tfcounter.default\">\n\t\t\t\t<div class=\"elementor-widget-container\">\n\t\t\t<div class=\"flat-counter counter-icon-top counter-icon-top\"> \r\n\t\t\t\t<div class=\"inner\">\r\n\t                \r\n\t                <div class=\"flat-content counter\">                \t\r\n\t                    <div class=\"numb-count\">\r\n\t                \t\t<span class=\"numb-prefix\"> <\/span>\r\n\t                \t\t<span class=\"odometer ending-number default\" data-count=\"7\">0<\/span>\r\n\t                \t\t<span class=\"numb-suffix\"> <\/span>                    \t\r\n\t                \t<\/div>\r\n\t                \t<h4 class=\"name-count\">Fournisseurs de liquidit\u00e9<\/h4>\r\n\t            \t<\/div>\r\n\t\t\t\t<\/div>\r\n            <\/div>\t\t<\/div>\n\t\t\t\t<\/div>\n\t\t\t\t\t<\/div>\n\t\t<\/div>\n\t\t\t\t<div class=\"elementor-column elementor-col-50 elementor-inner-column elementor-element elementor-element-bc5d7dc\" data-id=\"bc5d7dc\" data-element_type=\"column\">\n\t\t\t<div class=\"elementor-widget-wrap elementor-element-populated\">\n\t\t\t\t\t\t<div class=\"elementor-element elementor-element-9326fe8 tf-content-align-left elementor-widget elementor-widget-tfcounter\" data-id=\"9326fe8\" data-element_type=\"widget\" data-widget_type=\"tfcounter.default\">\n\t\t\t\t<div class=\"elementor-widget-container\">\n\t\t\t<div class=\"flat-counter counter-icon-top counter-icon-top\"> \r\n\t\t\t\t<div class=\"inner\">\r\n\t                \r\n\t                <div class=\"flat-content counter\">                \t\r\n\t                    <div class=\"numb-count\">\r\n\t                \t\t<span class=\"numb-prefix\">+<\/span>\r\n\t                \t\t<span class=\"odometer ending-number default\" data-count=\"234\">0<\/span>\r\n\t                \t\t<span class=\"numb-suffix\">K<\/span>                    \t\r\n\t                \t<\/div>\r\n\t                \t<h4 class=\"name-count\">Comptes enregistr\u00e9s<\/h4>\r\n\t            \t<\/div>\r\n\t\t\t\t<\/div>\r\n            <\/div>\t\t<\/div>\n\t\t\t\t<\/div>\n\t\t\t\t\t<\/div>\n\t\t<\/div>\n\t\t\t\t\t<\/div>\n\t\t<\/section>\n\t\t\t\t\t<\/div>\n\t\t<\/div>\n\t\t\t\t\t<\/div>\n\t\t<\/section>\n\t\t\t\t<\/div>\n\t\t","protected":false},"excerpt":{"rendered":"<p>Kant Finance Nous nous effor\u00e7ons d&rsquo;atteindre notre objectif \u2013 un environnement commercial id\u00e9al o\u00f9 il existe les conditions et les outils n\u00e9cessaires pour n\u00e9gocier en [&hellip;]<\/p>\n","protected":false},"author":3,"featured_media":0,"parent":0,"menu_order":0,"comment_status":"closed","ping_status":"closed","template":"elementor_header_footer","meta":{"footnotes":""},"class_list":["post-6947","page","type-page","status-publish","hentry"],"_links":{"self":[{"href":"https:\/\/kantfinance.pro\/fr\/wp-json\/wp\/v2\/pages\/6947"}],"collection":[{"href":"https:\/\/kantfinance.pro\/fr\/wp-json\/wp\/v2\/pages"}],"about":[{"href":"https:\/\/kantfinance.pro\/fr\/wp-json\/wp\/v2\/types\/page"}],"author":[{"embeddable":true,"href":"https:\/\/kantfinance.pro\/fr\/wp-json\/wp\/v2\/users\/3"}],"replies":[{"embeddable":true,"href":"https:\/\/kantfinance.pro\/fr\/wp-json\/wp\/v2\/comments?post=6947"}],"version-history":[{"count":3,"href":"https:\/\/kantfinance.pro\/fr\/wp-json\/wp\/v2\/pages\/6947\/revisions"}],"predecessor-version":[{"id":7048,"href":"https:\/\/kantfinance.pro\/fr\/wp-json\/wp\/v2\/pages\/6947\/revisions\/7048"}],"wp:attachment":[{"href":"https:\/\/kantfinance.pro\/fr\/wp-json\/wp\/v2\/media?parent=6947"}],"curies":[{"name":"wp","href":"https:\/\/api.w.org\/{rel}","templated":true}]}}